{"id":36,"date":"2017-02-16T09:13:19","date_gmt":"2017-02-16T08:13:19","guid":{"rendered":"http:\/\/mxajfmgl.preview.infomaniak.website\/?page_id=36"},"modified":"2026-04-24T15:45:06","modified_gmt":"2026-04-24T13:45:06","slug":"home","status":"publish","type":"page","link":"https:\/\/p-fankhauser-flyfishing.ch\/de\/","title":{"rendered":"Home"},"content":{"rendered":"<p>[et_pb_section fb_built=&#8220;1&#8243; next_background_color=&#8220;#FFFFFF&#8220; _builder_version=&#8220;4.25.2&#8243; _module_preset=&#8220;default&#8220; background_image=&#8220;https:\/\/p-fankhauser-flyfishing.ch\/wp-content\/uploads\/2024\/10\/cropped-2009_09_Fankhauser_mouche_sel_011-3.jpg&#8220; height=&#8220;370px&#8220; custom_padding=&#8220;||17px|||&#8220; bottom_divider_style=&#8220;asymmetric&#8220; animation_style=&#8220;fade&#8220; animation_direction=&#8220;left&#8220; animation_duration=&#8220;1200ms&#8220; border_radii=&#8220;off||||&#8220; global_colors_info=&#8220;{}&#8220;][et_pb_row _builder_version=&#8220;4.25.2&#8243; _module_preset=&#8220;default&#8220; min_height=&#8220;121.7px&#8220; animation_style=&#8220;slide&#8220; animation_direction=&#8220;left&#8220; animation_duration=&#8220;1200ms&#8220; global_colors_info=&#8220;{}&#8220;][et_pb_column type=&#8220;4_4&#8243; _builder_version=&#8220;4.25.2&#8243; _module_preset=&#8220;default&#8220; global_colors_info=&#8220;{}&#8220;][et_pb_text _builder_version=&#8220;4.25.2&#8243; _module_preset=&#8220;default&#8220; text_font_size=&#8220;51px&#8220; background_layout=&#8220;dark&#8220; custom_padding=&#8220;3px|||||&#8220; inline_fonts=&#8220;Amiri&#8220; global_colors_info=&#8220;{}&#8220;]<\/p>\n<p style=\"text-align: center;\"><em><span style=\"font-family: Amiri; font-weight: normal;\">Fliegenfischen<\/span><\/em><\/p>\n<p>[\/et_pb_text][et_pb_text _builder_version=&#8220;4.27.2&#8243; _module_preset=&#8220;default&#8220; background_layout=&#8220;dark&#8220; global_colors_info=&#8220;{}&#8220;]<\/p>\n<h2 style=\"text-align: center;\">Ganz eng mit der Natur verbunden<\/h2>\n<p>[\/et_pb_text][\/et_pb_column][\/et_pb_row][\/et_pb_section][et_pb_section fb_built=&#8220;1&#8243; custom_padding_last_edited=&#8220;on|desktop&#8220; admin_label=&#8220;section&#8220; module_id=&#8220;about&#8220; _builder_version=&#8220;4.25.2&#8243; background_color=&#8220;#FFFFFF&#8220; custom_padding=&#8220;0px|0px|0px|0px&#8220; custom_padding_tablet=&#8220;&#8220; custom_padding_phone=&#8220;&#8220; transparent_background=&#8220;off&#8220; make_fullwidth=&#8220;off&#8220; use_custom_width=&#8220;off&#8220; width_unit=&#8220;off&#8220; custom_width_px=&#8220;1080px&#8220; custom_width_percent=&#8220;80%&#8220; global_colors_info=&#8220;{}&#8220;][et_pb_row column_structure=&#8220;1_2,1_2&#8243; _builder_version=&#8220;4.25.2&#8243; _module_preset=&#8220;default&#8220; min_height=&#8220;322px&#8220; collapsed=&#8220;on&#8220; global_colors_info=&#8220;{}&#8220;][et_pb_column type=&#8220;1_2&#8243; _builder_version=&#8220;4.25.2&#8243; _module_preset=&#8220;default&#8220; global_colors_info=&#8220;{}&#8220;][et_pb_text _builder_version=&#8220;4.25.2&#8243; _module_preset=&#8220;default&#8220; custom_padding=&#8220;||0px|||&#8220; global_colors_info=&#8220;{}&#8220;]<\/p>\n<p><span style=\"color: #000000;\">Erhol dich am Wasser mit Fliegenfischen. Es ist wunderbar, wenn du deine Fliege so pr\u00e4sentieren kannst, dass ein Fisch nicht widerstehen kann. Und auch wenn du mal nichts f\u00e4ngst, was gibt es sch\u00f6neres, als mit der Natur verbunden zu sein?<\/span><\/p>\n<p><span style=\"color: #000000;\">Ich helfe dir gerne, das Fliegenfischen zu erlernen. Oder bist du schon Fliegenfischer (kein Profi) und m\u00f6chtest gerne noch mehr Fortschritte machen? Ich kann dich weiter bringen. Details findest du unter <\/span><\/p>\n<p><a href=\"https:\/\/p-fankhauser-flyfishing.ch\/de\/meine-kursangebote\/\"><em><span style=\"color: #000000;\"><span style=\"color: #0c71c3;\"><strong>&#8222;<\/strong><\/span><\/span><span style=\"color: #000000;\"><span style=\"color: #0c71c3;\"><strong>Meine Kursangebote&#8220;<\/strong><\/span><\/span><\/em><\/a><\/p>\n<p>&nbsp;<\/p>\n<p>[\/et_pb_text][et_pb_image src=&#8220;https:\/\/p-fankhauser-flyfishing.ch\/wp-content\/uploads\/2025\/10\/EFFA-Flycasting-Instructor.jpg&#8220; title_text=&#8220;EFFA Flycasting Instructor&#8220; _builder_version=&#8220;4.27.5&#8243; _module_preset=&#8220;default&#8220; width=&#8220;40%&#8220; max_width=&#8220;100%&#8220; custom_margin=&#8220;-45px|||||&#8220; hover_enabled=&#8220;0&#8243; global_colors_info=&#8220;{}&#8220; align=&#8220;center&#8220; sticky_enabled=&#8220;0&#8243;][\/et_pb_image][\/et_pb_column][et_pb_column type=&#8220;1_2&#8243; _builder_version=&#8220;4.25.2&#8243; _module_preset=&#8220;default&#8220; global_colors_info=&#8220;{}&#8220;][et_pb_image src=&#8220;https:\/\/p-fankhauser-flyfishing.ch\/wp-content\/uploads\/2024\/10\/IMG_9584-scaled.jpeg&#8220; title_text=&#8220;IMG_9584&#8243; _builder_version=&#8220;4.25.2&#8243; _module_preset=&#8220;default&#8220; transform_scale=&#8220;102%|102%&#8220; animation_style=&#8220;flip&#8220; animation_duration=&#8220;1450ms&#8220; animation_starting_opacity=&#8220;100%&#8220; animation_speed_curve=&#8220;ease-in&#8220; scroll_horizontal_motion_enable=&#8220;on&#8220; scroll_horizontal_motion=&#8220;0|50|50|100|8|0|0&#8243; motion_trigger_start=&#8220;top&#8220; border_radii=&#8220;off||||&#8220; border_width_all=&#8220;3px&#8220; global_colors_info=&#8220;{}&#8220;][\/et_pb_image][\/et_pb_column][\/et_pb_row][\/et_pb_section][et_pb_section fb_built=&#8220;1&#8243; prev_background_color=&#8220;#FFFFFF&#8220; next_background_color=&#8220;#ffffff&#8220; _builder_version=&#8220;4.25.2&#8243; _module_preset=&#8220;default&#8220; background_color=&#8220;#008972&#8243; top_divider_style=&#8220;wave2&#8243; bottom_divider_style=&#8220;wave2&#8243; global_colors_info=&#8220;{}&#8220;][et_pb_row _builder_version=&#8220;4.25.2&#8243; _module_preset=&#8220;default&#8220; min_height=&#8220;162.4px&#8220; custom_margin=&#8220;||20px||false|false&#8220; custom_padding=&#8220;50px||||false|false&#8220; global_colors_info=&#8220;{}&#8220;][et_pb_column type=&#8220;4_4&#8243; _builder_version=&#8220;4.25.2&#8243; _module_preset=&#8220;default&#8220; border_radii=&#8220;on|10px|10px|10px|10px&#8220; global_colors_info=&#8220;{}&#8220;][et_pb_contact_form email=&#8220;peter.fankhauser@bluewin.ch&#8220; title=&#8220;Kontakt&#8220; custom_message=&#8220;Mitteilung von  %%Name%%||et_pb_line_break_holder||Interesse f\u00fcr: %%Message%%||et_pb_line_break_holder||Mobile Nummer: %%Phone%%&#8220; success_message=&#8220;Guten Tag. Vielen Dank f\u00fcr dein Interesse, ich melde mich raschm\u00f6glichst.&#8220; submit_button_text=&#8220;Senden&#8220; _builder_version=&#8220;4.25.2&#8243; _module_preset=&#8220;default&#8220; _unique_id=&#8220;26fac4ad-91f0-4ee4-8673-21321a5c94a5&#8243; form_field_background_color=&#8220;#FFFFFF&#8220; form_field_text_color=&#8220;#515151&#8243; title_text_align=&#8220;center&#8220; title_text_color=&#8220;#FFFFFF&#8220; title_line_height=&#8220;1.7em&#8220; captcha_text_color=&#8220;#FFFFFF&#8220; captcha_font_size=&#8220;20px&#8220; custom_button=&#8220;on&#8220; button_text_color=&#8220;#FFFFFF&#8220; min_height=&#8220;515.4px&#8220; global_colors_info=&#8220;{}&#8220;][et_pb_contact_field field_id=&#8220;Name&#8220; field_title=&#8220;Name&#8220; _builder_version=&#8220;4.25.2&#8243; global_colors_info=&#8220;{}&#8220; button_text_size__hover_enabled=&#8220;off&#8220; button_one_text_size__hover_enabled=&#8220;off&#8220; button_two_text_size__hover_enabled=&#8220;off&#8220; button_text_color__hover_enabled=&#8220;off&#8220; button_one_text_color__hover_enabled=&#8220;off&#8220; button_two_text_color__hover_enabled=&#8220;off&#8220; button_border_width__hover_enabled=&#8220;off&#8220; button_one_border_width__hover_enabled=&#8220;off&#8220; button_two_border_width__hover_enabled=&#8220;off&#8220; button_border_color__hover_enabled=&#8220;off&#8220; button_one_border_color__hover_enabled=&#8220;off&#8220; button_two_border_color__hover_enabled=&#8220;off&#8220; button_border_radius__hover_enabled=&#8220;off&#8220; button_one_border_radius__hover_enabled=&#8220;off&#8220; button_two_border_radius__hover_enabled=&#8220;off&#8220; button_letter_spacing__hover_enabled=&#8220;off&#8220; button_one_letter_spacing__hover_enabled=&#8220;off&#8220; button_two_letter_spacing__hover_enabled=&#8220;off&#8220; button_bg_color__hover_enabled=&#8220;off&#8220; button_one_bg_color__hover_enabled=&#8220;off&#8220; button_two_bg_color__hover_enabled=&#8220;off&#8220;][\/et_pb_contact_field][et_pb_contact_field field_id=&#8220;Email&#8220; field_title=&#8220;E-Mail Adresse&#8220; field_type=&#8220;email&#8220; _builder_version=&#8220;4.25.2&#8243; global_colors_info=&#8220;{}&#8220; button_text_size__hover_enabled=&#8220;off&#8220; button_one_text_size__hover_enabled=&#8220;off&#8220; button_two_text_size__hover_enabled=&#8220;off&#8220; button_text_color__hover_enabled=&#8220;off&#8220; button_one_text_color__hover_enabled=&#8220;off&#8220; button_two_text_color__hover_enabled=&#8220;off&#8220; button_border_width__hover_enabled=&#8220;off&#8220; button_one_border_width__hover_enabled=&#8220;off&#8220; button_two_border_width__hover_enabled=&#8220;off&#8220; button_border_color__hover_enabled=&#8220;off&#8220; button_one_border_color__hover_enabled=&#8220;off&#8220; button_two_border_color__hover_enabled=&#8220;off&#8220; button_border_radius__hover_enabled=&#8220;off&#8220; button_one_border_radius__hover_enabled=&#8220;off&#8220; button_two_border_radius__hover_enabled=&#8220;off&#8220; button_letter_spacing__hover_enabled=&#8220;off&#8220; button_one_letter_spacing__hover_enabled=&#8220;off&#8220; button_two_letter_spacing__hover_enabled=&#8220;off&#8220; button_bg_color__hover_enabled=&#8220;off&#8220; button_one_bg_color__hover_enabled=&#8220;off&#8220; button_two_bg_color__hover_enabled=&#8220;off&#8220;][\/et_pb_contact_field][et_pb_contact_field field_id=&#8220;Message&#8220; field_title=&#8220;Nachricht&#8220; field_type=&#8220;text&#8220; fullwidth_field=&#8220;on&#8220; _builder_version=&#8220;4.25.2&#8243; global_colors_info=&#8220;{}&#8220; button_text_size__hover_enabled=&#8220;off&#8220; button_one_text_size__hover_enabled=&#8220;off&#8220; button_two_text_size__hover_enabled=&#8220;off&#8220; button_text_color__hover_enabled=&#8220;off&#8220; button_one_text_color__hover_enabled=&#8220;off&#8220; button_two_text_color__hover_enabled=&#8220;off&#8220; button_border_width__hover_enabled=&#8220;off&#8220; button_one_border_width__hover_enabled=&#8220;off&#8220; button_two_border_width__hover_enabled=&#8220;off&#8220; button_border_color__hover_enabled=&#8220;off&#8220; button_one_border_color__hover_enabled=&#8220;off&#8220; button_two_border_color__hover_enabled=&#8220;off&#8220; button_border_radius__hover_enabled=&#8220;off&#8220; button_one_border_radius__hover_enabled=&#8220;off&#8220; button_two_border_radius__hover_enabled=&#8220;off&#8220; button_letter_spacing__hover_enabled=&#8220;off&#8220; button_one_letter_spacing__hover_enabled=&#8220;off&#8220; button_two_letter_spacing__hover_enabled=&#8220;off&#8220; button_bg_color__hover_enabled=&#8220;off&#8220; button_one_bg_color__hover_enabled=&#8220;off&#8220; button_two_bg_color__hover_enabled=&#8220;off&#8220;][\/et_pb_contact_field][et_pb_contact_field field_id=&#8220;Phone&#8220; field_title=&#8220;Mobile Nummer&#8220; fullwidth_field=&#8220;on&#8220; _builder_version=&#8220;4.25.2&#8243; _module_preset=&#8220;default&#8220; global_colors_info=&#8220;{}&#8220;][\/et_pb_contact_field][\/et_pb_contact_form][et_pb_social_media_follow _builder_version=&#8220;4.27.5&#8243; _module_preset=&#8220;default&#8220; text_orientation=&#8220;center&#8220; global_colors_info=&#8220;{}&#8220;][et_pb_social_media_follow_network social_network=&#8220;instagram&#8220; url=&#8220;https:\/\/www.instagram.com\/p_fankhauser_fribourg\/&#8220; _builder_version=&#8220;4.27.5&#8243; _module_preset=&#8220;default&#8220; background_color=&#8220;#ea2c59&#8243; global_colors_info=&#8220;{}&#8220; follow_button=&#8220;off&#8220; url_new_window=&#8220;on&#8220;]instagram[\/et_pb_social_media_follow_network][et_pb_social_media_follow_network social_network=&#8220;youtube&#8220; url=&#8220;https:\/\/www.youtube.com\/results?search_query=fankibaldi&#8220; _builder_version=&#8220;4.27.5&#8243; _module_preset=&#8220;default&#8220; background_color=&#8220;#a82400&#8243; global_colors_info=&#8220;{}&#8220; follow_button=&#8220;off&#8220; url_new_window=&#8220;on&#8220;]youtube[\/et_pb_social_media_follow_network][\/et_pb_social_media_follow][\/et_pb_column][\/et_pb_row][\/et_pb_section]<\/p>\n","protected":false},"excerpt":{"rendered":"<p>FliegenfischenGanz eng mit der Natur verbundenErhol dich am Wasser mit Fliegenfischen. Es ist wunderbar, wenn du deine Fliege so pr\u00e4sentieren kannst, dass ein Fisch nicht widerstehen kann. Und auch wenn du mal nichts f\u00e4ngst, was gibt es sch\u00f6neres, als mit der Natur verbunden zu sein? Ich helfe dir gerne, das Fliegenfischen zu erlernen. Oder bist [&hellip;]<\/p>\n","protected":false},"author":1,"featured_media":0,"parent":0,"menu_order":0,"comment_status":"closed","ping_status":"closed","template":"","meta":{"_et_pb_use_builder":"on","_et_pb_old_content":"","_et_gb_content_width":"","footnotes":""},"class_list":["post-36","page","type-page","status-publish","hentry"],"_links":{"self":[{"href":"https:\/\/p-fankhauser-flyfishing.ch\/de\/wp-json\/wp\/v2\/pages\/36","targetHints":{"allow":["GET"]}}],"collection":[{"href":"https:\/\/p-fankhauser-flyfishing.ch\/de\/wp-json\/wp\/v2\/pages"}],"about":[{"href":"https:\/\/p-fankhauser-flyfishing.ch\/de\/wp-json\/wp\/v2\/types\/page"}],"author":[{"embeddable":true,"href":"https:\/\/p-fankhauser-flyfishing.ch\/de\/wp-json\/wp\/v2\/users\/1"}],"replies":[{"embeddable":true,"href":"https:\/\/p-fankhauser-flyfishing.ch\/de\/wp-json\/wp\/v2\/comments?post=36"}],"version-history":[{"count":73,"href":"https:\/\/p-fankhauser-flyfishing.ch\/de\/wp-json\/wp\/v2\/pages\/36\/revisions"}],"predecessor-version":[{"id":31383,"href":"https:\/\/p-fankhauser-flyfishing.ch\/de\/wp-json\/wp\/v2\/pages\/36\/revisions\/31383"}],"wp:attachment":[{"href":"https:\/\/p-fankhauser-flyfishing.ch\/de\/wp-json\/wp\/v2\/media?parent=36"}],"curies":[{"name":"wp","href":"https:\/\/api.w.org\/{rel}","templated":true}]}}